{"id":122,"date":"2018-02-22T20:46:10","date_gmt":"2018-02-22T20:46:10","guid":{"rendered":"http:\/\/aluminiosmarbu.com\/?page_id=122"},"modified":"2018-06-08T13:56:31","modified_gmt":"2018-06-08T13:56:31","slug":"servicios","status":"publish","type":"page","link":"https:\/\/aluminiosmarbu.com\/?page_id=122","title":{"rendered":"SERVICIOS"},"content":{"rendered":"<p><img loading=\"lazy\" decoding=\"async\" class=\"wp-image-158 alignright\" src=\"https:\/\/aluminiosmarbu.com\/wp-content\/uploads\/2018\/02\/ventanas-y-puertas-de-aluminio.jpg\" alt=\"\" width=\"678\" height=\"418\" srcset=\"https:\/\/aluminiosmarbu.com\/wp-content\/uploads\/2018\/02\/ventanas-y-puertas-de-aluminio.jpg 1200w, https:\/\/aluminiosmarbu.com\/wp-content\/uploads\/2018\/02\/ventanas-y-puertas-de-aluminio-300x185.jpg 300w, https:\/\/aluminiosmarbu.com\/wp-content\/uploads\/2018\/02\/ventanas-y-puertas-de-aluminio-768x474.jpg 768w, https:\/\/aluminiosmarbu.com\/wp-content\/uploads\/2018\/02\/ventanas-y-puertas-de-aluminio-1024x631.jpg 1024w\" sizes=\"auto, (max-width: 678px) 100vw, 678px\" \/><\/p>\n<h4 style=\"padding-left: 90px; text-align: left;\"><span style=\"color: #0000ff;\"><strong>FABRICACI\u00d3N DE VENTANAS Y PUERTAS DE ALUMINIO<\/strong><\/span><\/h4>\n<p style=\"padding-left: 180px; text-align: left;\">Todo tipo de fabricaci\u00f3n de puertas y ventanas en cualquier color (incluido imitaci\u00f3n madera)<\/p>\n<p style=\"padding-left: 90px; text-align: center;\"><img loading=\"lazy\" decoding=\"async\" class=\"aligncenter wp-image-151 size-full\" src=\"https:\/\/aluminiosmarbu.com\/wp-content\/uploads\/2018\/02\/Cerramientos-de-Aluminio-e1519337692884.jpg\" alt=\"\" width=\"1200\" height=\"867\" srcset=\"https:\/\/aluminiosmarbu.com\/wp-content\/uploads\/2018\/02\/Cerramientos-de-Aluminio-e1519337692884.jpg 1200w, https:\/\/aluminiosmarbu.com\/wp-content\/uploads\/2018\/02\/Cerramientos-de-Aluminio-e1519337692884-300x217.jpg 300w, https:\/\/aluminiosmarbu.com\/wp-content\/uploads\/2018\/02\/Cerramientos-de-Aluminio-e1519337692884-768x555.jpg 768w, https:\/\/aluminiosmarbu.com\/wp-content\/uploads\/2018\/02\/Cerramientos-de-Aluminio-e1519337692884-1024x740.jpg 1024w\" sizes=\"auto, (max-width: 1200px) 100vw, 1200px\" \/><\/p>\n<h4 style=\"padding-left: 90px; text-align: center;\"><span style=\"color: #0000ff;\"><strong>CERRAMIENTOS DE TERRAZA<\/strong><\/span><\/h4>\n<p style=\"padding-left: 90px; text-align: center;\">Resistentes y pr\u00e1cticos cerramientos de terraza en aluminio y cristal. Montaje sin necesidad de obra (alba\u00f1iler\u00eda)<\/p>\n<p style=\"padding-left: 90px; text-align: center;\"><img loading=\"lazy\" decoding=\"async\" class=\" wp-image-153 aligncenter\" src=\"https:\/\/aluminiosmarbu.com\/wp-content\/uploads\/2018\/02\/mamparas-de-ba\u00f1o.jpg\" alt=\"\" width=\"680\" height=\"680\" srcset=\"https:\/\/aluminiosmarbu.com\/wp-content\/uploads\/2018\/02\/mamparas-de-ba\u00f1o.jpg 800w, https:\/\/aluminiosmarbu.com\/wp-content\/uploads\/2018\/02\/mamparas-de-ba\u00f1o-150x150.jpg 150w, https:\/\/aluminiosmarbu.com\/wp-content\/uploads\/2018\/02\/mamparas-de-ba\u00f1o-300x300.jpg 300w, https:\/\/aluminiosmarbu.com\/wp-content\/uploads\/2018\/02\/mamparas-de-ba\u00f1o-768x768.jpg 768w\" sizes=\"auto, (max-width: 680px) 100vw, 680px\" \/><\/p>\n<h4 style=\"padding-left: 90px; text-align: center;\"><span style=\"color: #0000ff;\"><strong>MAMPARAS DE BA\u00d1O<\/strong><\/span><\/h4>\n<p style=\"padding-left: 90px; text-align: center;\">Gran cat\u00e1logo de mamparas de ba\u00f1o y cristal templado o acr\u00edlico, muchos dise\u00f1os incluido su montaje e instalaci\u00f3n<\/p>\n<p style=\"padding-left: 90px; text-align: center;\"><img loading=\"lazy\" decoding=\"async\" class=\"wp-image-156 aligncenter\" src=\"https:\/\/aluminiosmarbu.com\/wp-content\/uploads\/2018\/02\/Climalit.jpg\" alt=\"\" width=\"681\" height=\"580\" srcset=\"https:\/\/aluminiosmarbu.com\/wp-content\/uploads\/2018\/02\/Climalit.jpg 1000w, https:\/\/aluminiosmarbu.com\/wp-content\/uploads\/2018\/02\/Climalit-300x256.jpg 300w, https:\/\/aluminiosmarbu.com\/wp-content\/uploads\/2018\/02\/Climalit-768x654.jpg 768w\" sizes=\"auto, (max-width: 681px) 100vw, 681px\" \/><\/p>\n<h4 style=\"padding-left: 90px; text-align: center;\"><span style=\"color: #0000ff;\"><strong>CRISTAL CLIMALIT<\/strong><\/span><\/h4>\n<p style=\"padding-left: 90px; text-align: center;\">Montaje y servicio de venta de cristal CLIMALIT certificado<\/p>\n<p style=\"padding-left: 90px; text-align: center;\"><img loading=\"lazy\" decoding=\"async\" class=\"wp-image-155 aligncenter\" src=\"https:\/\/aluminiosmarbu.com\/wp-content\/uploads\/2018\/02\/cristales.jpg\" alt=\"\" width=\"680\" height=\"532\" srcset=\"https:\/\/aluminiosmarbu.com\/wp-content\/uploads\/2018\/02\/cristales.jpg 345w, https:\/\/aluminiosmarbu.com\/wp-content\/uploads\/2018\/02\/cristales-300x235.jpg 300w\" sizes=\"auto, (max-width: 680px) 100vw, 680px\" \/><\/p>\n<h4 style=\"padding-left: 90px; text-align: center;\"><span style=\"color: #0000ff;\"><strong>CRISTALERIA EN GENERAL<\/strong><\/span><\/h4>\n<p style=\"padding-left: 90px; text-align: center;\">Cristales de todo tipo: laminar, templado, tapas de mesa , grabados, viseles, espejos, etc. montaje y venta<\/p>\n<p style=\"padding-left: 90px; text-align: center;\"><img loading=\"lazy\" decoding=\"async\" class=\" wp-image-154 aligncenter\" src=\"https:\/\/aluminiosmarbu.com\/wp-content\/uploads\/2018\/02\/muro-cortina.jpg\" alt=\"\" width=\"681\" height=\"510\" srcset=\"https:\/\/aluminiosmarbu.com\/wp-content\/uploads\/2018\/02\/muro-cortina.jpg 800w, https:\/\/aluminiosmarbu.com\/wp-content\/uploads\/2018\/02\/muro-cortina-300x225.jpg 300w, https:\/\/aluminiosmarbu.com\/wp-content\/uploads\/2018\/02\/muro-cortina-768x576.jpg 768w\" sizes=\"auto, (max-width: 681px) 100vw, 681px\" \/><\/p>\n<h4 style=\"padding-left: 90px; text-align: center;\"><span style=\"color: #0000ff; font-family: 'PT Sans', Helvetica, Arial, sans-serif;\"><b>MURO CORTINA<\/b><\/span><\/h4>\n<p style=\"padding-left: 90px; text-align: center;\">Fabricaci\u00f3n y montaje de MURO CORTINA en aluminio y cristal con grandes posibilidades de composici\u00f3n de materiales<\/p>\n<p style=\"padding-left: 90px; text-align: center;\"><img loading=\"lazy\" decoding=\"async\" class=\" wp-image-157 aligncenter\" src=\"https:\/\/aluminiosmarbu.com\/wp-content\/uploads\/2018\/02\/persianas-de-aluminio.jpg\" alt=\"\" width=\"679\" height=\"445\" srcset=\"https:\/\/aluminiosmarbu.com\/wp-content\/uploads\/2018\/02\/persianas-de-aluminio.jpg 458w, https:\/\/aluminiosmarbu.com\/wp-content\/uploads\/2018\/02\/persianas-de-aluminio-300x197.jpg 300w\" sizes=\"auto, (max-width: 679px) 100vw, 679px\" \/><\/p>\n<h4 style=\"padding-left: 90px; text-align: center;\"><span style=\"color: #0000ff; font-family: 'PT Sans', Helvetica, Arial, sans-serif;\"><b>PERSIANAS<\/b><\/span><\/h4>\n<p style=\"padding-left: 90px; text-align: center;\">Montaje y reparaci\u00f3n de ventanas y complementos de las mismas<\/p>\n<p style=\"padding-left: 90px; text-align: center;\"><img loading=\"lazy\" decoding=\"async\" class=\" wp-image-152 aligncenter\" src=\"https:\/\/aluminiosmarbu.com\/wp-content\/uploads\/2018\/02\/mosquiteras.jpg\" alt=\"\" width=\"680\" height=\"571\" srcset=\"https:\/\/aluminiosmarbu.com\/wp-content\/uploads\/2018\/02\/mosquiteras.jpg 499w, https:\/\/aluminiosmarbu.com\/wp-content\/uploads\/2018\/02\/mosquiteras-300x252.jpg 300w\" sizes=\"auto, (max-width: 680px) 100vw, 680px\" \/><\/p>\n<h4 style=\"padding-left: 90px; text-align: center;\"><span style=\"color: #0000ff;\"><strong>MOSQUITERAS<\/strong><\/span><\/h4>\n<p style=\"padding-left: 90px; text-align: center;\">Mosquiteras fijas o enrollables para puertas y ventanas de todo tipo, gran surtido de color y posibilidades<\/p>\n","protected":false},"excerpt":{"rendered":"<p>FABRICACI\u00d3N DE VENTANAS Y PUERTAS DE ALUMINIO Todo tipo de fabricaci\u00f3n de puertas y ventanas en cualquier color (incluido imitaci\u00f3n madera) CERRAMIENTOS DE TERRAZA Resistentes y pr\u00e1cticos cerramientos de terraza en aluminio y cristal. Montaje sin necesidad de obra (alba\u00f1iler\u00eda) MAMPARAS DE BA\u00d1O Gran cat\u00e1logo de mamparas de ba\u00f1o y cristal templado o acr\u00edlico, muchos&hellip;<\/p>\n<p><a class=\"more-link\" href=\"https:\/\/aluminiosmarbu.com\/?page_id=122\" title=\"Seguir leyendo &lsquo;SERVICIOS&rsquo;\">Sigue leyendo <span class=\"meta-nav\">&rarr;<\/span><\/a><\/p>\n","protected":false},"author":1,"featured_media":0,"parent":0,"menu_order":0,"comment_status":"closed","ping_status":"closed","template":"page-templates\/front-page.php","meta":{"footnotes":""},"class_list":["post-122","page","type-page","status-publish","hentry"],"yoast_head":"<!-- This site is optimized with the Yoast SEO plugin v27.6 - https:\/\/yoast.com\/product\/yoast-seo-wordpress\/ -->\n<title>SERVICIOS - Aluminio MARBU<\/title>\n<meta name=\"robots\" content=\"index, follow, max-snippet:-1, max-image-preview:large, max-video-preview:-1\" \/>\n<link rel=\"canonical\" href=\"https:\/\/aluminiosmarbu.com\/?page_id=122\" \/>\n<meta property=\"og:locale\" content=\"es_ES\" \/>\n<meta property=\"og:type\" content=\"article\" \/>\n<meta property=\"og:title\" content=\"SERVICIOS - Aluminio MARBU\" \/>\n<meta property=\"og:description\" content=\"FABRICACI\u00d3N DE VENTANAS Y PUERTAS DE ALUMINIO Todo tipo de fabricaci\u00f3n de puertas y ventanas en cualquier color (incluido imitaci\u00f3n madera) CERRAMIENTOS DE TERRAZA Resistentes y pr\u00e1cticos cerramientos de terraza en aluminio y cristal. Montaje sin necesidad de obra (alba\u00f1iler\u00eda) MAMPARAS DE BA\u00d1O Gran cat\u00e1logo de mamparas de ba\u00f1o y cristal templado o acr\u00edlico, muchos&hellip;Sigue leyendo &rarr;\" \/>\n<meta property=\"og:url\" content=\"https:\/\/aluminiosmarbu.com\/?page_id=122\" \/>\n<meta property=\"og:site_name\" content=\"Aluminio MARBU\" \/>\n<meta property=\"article:modified_time\" content=\"2018-06-08T13:56:31+00:00\" \/>\n<meta property=\"og:image\" content=\"http:\/\/aluminiosmarbu.com\/wp-content\/uploads\/2018\/02\/ventanas-y-puertas-de-aluminio.jpg\" \/>\n<meta name=\"twitter:label1\" content=\"Tiempo de lectura\" \/>\n\t<meta name=\"twitter:data1\" content=\"1 minuto\" \/>\n<script type=\"application\/ld+json\" class=\"yoast-schema-graph\">{\"@context\":\"https:\\\/\\\/schema.org\",\"@graph\":[{\"@type\":\"WebPage\",\"@id\":\"https:\\\/\\\/aluminiosmarbu.com\\\/?page_id=122\",\"url\":\"https:\\\/\\\/aluminiosmarbu.com\\\/?page_id=122\",\"name\":\"SERVICIOS - Aluminio MARBU\",\"isPartOf\":{\"@id\":\"https:\\\/\\\/aluminiosmarbu.com\\\/#website\"},\"primaryImageOfPage\":{\"@id\":\"https:\\\/\\\/aluminiosmarbu.com\\\/?page_id=122#primaryimage\"},\"image\":{\"@id\":\"https:\\\/\\\/aluminiosmarbu.com\\\/?page_id=122#primaryimage\"},\"thumbnailUrl\":\"http:\\\/\\\/aluminiosmarbu.com\\\/wp-content\\\/uploads\\\/2018\\\/02\\\/ventanas-y-puertas-de-aluminio.jpg\",\"datePublished\":\"2018-02-22T20:46:10+00:00\",\"dateModified\":\"2018-06-08T13:56:31+00:00\",\"breadcrumb\":{\"@id\":\"https:\\\/\\\/aluminiosmarbu.com\\\/?page_id=122#breadcrumb\"},\"inLanguage\":\"es\",\"potentialAction\":[{\"@type\":\"ReadAction\",\"target\":[\"https:\\\/\\\/aluminiosmarbu.com\\\/?page_id=122\"]}]},{\"@type\":\"ImageObject\",\"inLanguage\":\"es\",\"@id\":\"https:\\\/\\\/aluminiosmarbu.com\\\/?page_id=122#primaryimage\",\"url\":\"https:\\\/\\\/aluminiosmarbu.com\\\/wp-content\\\/uploads\\\/2018\\\/02\\\/ventanas-y-puertas-de-aluminio.jpg\",\"contentUrl\":\"https:\\\/\\\/aluminiosmarbu.com\\\/wp-content\\\/uploads\\\/2018\\\/02\\\/ventanas-y-puertas-de-aluminio.jpg\",\"width\":1200,\"height\":740},{\"@type\":\"BreadcrumbList\",\"@id\":\"https:\\\/\\\/aluminiosmarbu.com\\\/?page_id=122#breadcrumb\",\"itemListElement\":[{\"@type\":\"ListItem\",\"position\":1,\"name\":\"Portada\",\"item\":\"https:\\\/\\\/aluminiosmarbu.com\\\/\"},{\"@type\":\"ListItem\",\"position\":2,\"name\":\"SERVICIOS\"}]},{\"@type\":\"WebSite\",\"@id\":\"https:\\\/\\\/aluminiosmarbu.com\\\/#website\",\"url\":\"https:\\\/\\\/aluminiosmarbu.com\\\/\",\"name\":\"Aluminio MARBU\",\"description\":\"Sistemas de Aluminio y Cristal MARBU S.L.U.\",\"potentialAction\":[{\"@type\":\"SearchAction\",\"target\":{\"@type\":\"EntryPoint\",\"urlTemplate\":\"https:\\\/\\\/aluminiosmarbu.com\\\/?s={search_term_string}\"},\"query-input\":{\"@type\":\"PropertyValueSpecification\",\"valueRequired\":true,\"valueName\":\"search_term_string\"}}],\"inLanguage\":\"es\"}]}<\/script>\n<!-- \/ Yoast SEO plugin. -->","yoast_head_json":{"title":"SERVICIOS - Aluminio MARBU","robots":{"index":"index","follow":"follow","max-snippet":"max-snippet:-1","max-image-preview":"max-image-preview:large","max-video-preview":"max-video-preview:-1"},"canonical":"https:\/\/aluminiosmarbu.com\/?page_id=122","og_locale":"es_ES","og_type":"article","og_title":"SERVICIOS - Aluminio MARBU","og_description":"FABRICACI\u00d3N DE VENTANAS Y PUERTAS DE ALUMINIO Todo tipo de fabricaci\u00f3n de puertas y ventanas en cualquier color (incluido imitaci\u00f3n madera) CERRAMIENTOS DE TERRAZA Resistentes y pr\u00e1cticos cerramientos de terraza en aluminio y cristal. Montaje sin necesidad de obra (alba\u00f1iler\u00eda) MAMPARAS DE BA\u00d1O Gran cat\u00e1logo de mamparas de ba\u00f1o y cristal templado o acr\u00edlico, muchos&hellip;Sigue leyendo &rarr;","og_url":"https:\/\/aluminiosmarbu.com\/?page_id=122","og_site_name":"Aluminio MARBU","article_modified_time":"2018-06-08T13:56:31+00:00","og_image":[{"url":"http:\/\/aluminiosmarbu.com\/wp-content\/uploads\/2018\/02\/ventanas-y-puertas-de-aluminio.jpg","type":"","width":"","height":""}],"twitter_misc":{"Tiempo de lectura":"1 minuto"},"schema":{"@context":"https:\/\/schema.org","@graph":[{"@type":"WebPage","@id":"https:\/\/aluminiosmarbu.com\/?page_id=122","url":"https:\/\/aluminiosmarbu.com\/?page_id=122","name":"SERVICIOS - Aluminio MARBU","isPartOf":{"@id":"https:\/\/aluminiosmarbu.com\/#website"},"primaryImageOfPage":{"@id":"https:\/\/aluminiosmarbu.com\/?page_id=122#primaryimage"},"image":{"@id":"https:\/\/aluminiosmarbu.com\/?page_id=122#primaryimage"},"thumbnailUrl":"http:\/\/aluminiosmarbu.com\/wp-content\/uploads\/2018\/02\/ventanas-y-puertas-de-aluminio.jpg","datePublished":"2018-02-22T20:46:10+00:00","dateModified":"2018-06-08T13:56:31+00:00","breadcrumb":{"@id":"https:\/\/aluminiosmarbu.com\/?page_id=122#breadcrumb"},"inLanguage":"es","potentialAction":[{"@type":"ReadAction","target":["https:\/\/aluminiosmarbu.com\/?page_id=122"]}]},{"@type":"ImageObject","inLanguage":"es","@id":"https:\/\/aluminiosmarbu.com\/?page_id=122#primaryimage","url":"https:\/\/aluminiosmarbu.com\/wp-content\/uploads\/2018\/02\/ventanas-y-puertas-de-aluminio.jpg","contentUrl":"https:\/\/aluminiosmarbu.com\/wp-content\/uploads\/2018\/02\/ventanas-y-puertas-de-aluminio.jpg","width":1200,"height":740},{"@type":"BreadcrumbList","@id":"https:\/\/aluminiosmarbu.com\/?page_id=122#breadcrumb","itemListElement":[{"@type":"ListItem","position":1,"name":"Portada","item":"https:\/\/aluminiosmarbu.com\/"},{"@type":"ListItem","position":2,"name":"SERVICIOS"}]},{"@type":"WebSite","@id":"https:\/\/aluminiosmarbu.com\/#website","url":"https:\/\/aluminiosmarbu.com\/","name":"Aluminio MARBU","description":"Sistemas de Aluminio y Cristal MARBU S.L.U.","potentialAction":[{"@type":"SearchAction","target":{"@type":"EntryPoint","urlTemplate":"https:\/\/aluminiosmarbu.com\/?s={search_term_string}"},"query-input":{"@type":"PropertyValueSpecification","valueRequired":true,"valueName":"search_term_string"}}],"inLanguage":"es"}]}},"_hostinger_reach_plugin_has_subscription_block":false,"_hostinger_reach_plugin_is_elementor":false,"_links":{"self":[{"href":"https:\/\/aluminiosmarbu.com\/index.php?rest_route=\/wp\/v2\/pages\/122","targetHints":{"allow":["GET"]}}],"collection":[{"href":"https:\/\/aluminiosmarbu.com\/index.php?rest_route=\/wp\/v2\/pages"}],"about":[{"href":"https:\/\/aluminiosmarbu.com\/index.php?rest_route=\/wp\/v2\/types\/page"}],"author":[{"embeddable":true,"href":"https:\/\/aluminiosmarbu.com\/index.php?rest_route=\/wp\/v2\/users\/1"}],"replies":[{"embeddable":true,"href":"https:\/\/aluminiosmarbu.com\/index.php?rest_route=%2Fwp%2Fv2%2Fcomments&post=122"}],"version-history":[{"count":16,"href":"https:\/\/aluminiosmarbu.com\/index.php?rest_route=\/wp\/v2\/pages\/122\/revisions"}],"predecessor-version":[{"id":199,"href":"https:\/\/aluminiosmarbu.com\/index.php?rest_route=\/wp\/v2\/pages\/122\/revisions\/199"}],"wp:attachment":[{"href":"https:\/\/aluminiosmarbu.com\/index.php?rest_route=%2Fwp%2Fv2%2Fmedia&parent=122"}],"curies":[{"name":"wp","href":"https:\/\/api.w.org\/{rel}","templated":true}]}}